{"id":2,"date":"2013-07-04T20:31:48","date_gmt":"2013-07-04T20:31:48","guid":{"rendered":"http:\/\/biarcarautomocion.com\/wordpress\/?page_id=2"},"modified":"2023-04-20T14:05:19","modified_gmt":"2023-04-20T14:05:19","slug":"quienes-somos","status":"publish","type":"page","link":"http:\/\/biarcarautomocion.com\/wordpress\/quienes-somos\/","title":{"rendered":"Quienes somos"},"content":{"rendered":"<p><!--:es--><\/p>\n<p style=\"text-align: justify;\"><img decoding=\"async\" loading=\"lazy\" class=\"alignright size-medium wp-image-116\" src=\"http:\/\/biarcarautomocion.com\/wordpress\/wp-content\/uploads\/2013\/07\/MG_6155_resize-300x200.jpg\" alt=\"\" width=\"300\" height=\"200\" srcset=\"http:\/\/biarcarautomocion.com\/wordpress\/wp-content\/uploads\/2013\/07\/MG_6155_resize-300x200.jpg 300w, http:\/\/biarcarautomocion.com\/wordpress\/wp-content\/uploads\/2013\/07\/MG_6155_resize.jpg 854w\" sizes=\"(max-width: 300px) 100vw, 300px\" \/>Biar Car Automoci\u00f3n es una empresa joven, din\u00e1mica y profesional, de la rama de la automoci\u00f3n, dedicada principalmente a la reparaci\u00f3n de veh\u00edculos y maquinaria con motores t\u00e9rmicos.<\/p>\n<p style=\"text-align: justify;\">Empresa familiar fundada en el a\u00f1o 2013 por dos hermanos, los cuales nos encargamos de las diferentes \u00e1reas del taller.<\/p>\n<p style=\"text-align: justify;\">Nuestra especialidad es la reparaci\u00f3n y mantenimiento de todas las marcas y modelos de turismos, veh\u00edculos comerciales, motos y maquinaria agr\u00edcola, tambi\u00e9n tenemos venta de veh\u00edculos de ocasi\u00f3n totalmente revisados y con garant\u00eda.<\/p>\n<p style=\"text-align: justify;\">Disponemos de taller mec\u00e1nico totalmente equipado con la \u00faltima tecnolog\u00eda en herramientas y dispositvos electr\u00f3nicos de gesti\u00f3n y diagn\u00f3stico de aver\u00edas, as\u00ed como analizador de emisiones y rodillos de comprobaci\u00f3n de potencia de frenado para las revisi\u00f3n pre-ITV.<\/p>\n<p style=\"text-align: justify;\">Tenemos a tu disposici\u00f3n una amplia exposici\u00f3n de venta de veh\u00edculos de ocasi\u00f3n, donde tambi\u00e9n puedes esperar la entrega de tu veh\u00edculo reparado o revisado mientras tomas un caf\u00e9.<\/p>\n<p style=\"text-align: justify;\">Estamos en la localidad de Biar, en la comarca del Alto Vinalop\u00f3, a 50km de la ciudad de Alicante y dentro de su provincia.<\/p>\n<p style=\"text-align: justify;\">Os esperamos en Biar Car Automoci\u00f3n, \u00a1 ven a visitarnos cuando quieras.!<\/p>\n<p><!--:--><!--:en--><\/p>\n<p style=\"text-align: justify;\">Biar Car Automoci\u00f3n, is a young, dynamic and professional automotive garage, mainly dedicated to the repair of vehicles and machinery with combustion engines.<\/p>\n<p style=\"text-align: justify;\">Family garage founded in 2013 by two brothers, who take care of the different areas of the shop.<\/p>\n<p style=\"text-align: justify;\">Specialized in the repair and maintenance of all models of cars, commercial vehicles, motorcycles and agricultural machinery, we also sell used cars fully revised and guaranteed.<\/p>\n<p style=\"text-align: justify;\">We have fully equipped machine shop with the latest technology in tools and electronic fixture by management and troubleshooting, emissions analyzer and power roller brake testing for pre-ITV review.<\/p>\n<p style=\"text-align: justify;\">A wide exposure of used cars for sale, where you can expect delivery of your vehicle repaired or serviced while take a coffee.<\/p>\n<p style=\"text-align: justify;\">We are in the town of Biar, in the Alto Vinalop\u00f3, at 50km from the city of Alicante. We hope at Biar Car Automoci\u00f3n, come visit anytime. !<\/p>\n<p><!--:--><\/p>\n","protected":false},"excerpt":{"rendered":"<p>Biar Car Automoci\u00f3n es una empresa joven, din\u00e1mica y profesional, de la rama de la automoci\u00f3n, dedicada principalmente a la reparaci\u00f3n de veh\u00edculos y maquinaria con motores t\u00e9rmicos. Empresa familiar fundada en el a\u00f1o 2013 por dos hermanos, los cuales nos encargamos de las diferentes \u00e1reas del taller. Nuestra especialidad es la reparaci\u00f3n y mantenimiento [&hellip;]<\/p>\n","protected":false},"author":1,"featured_media":45,"parent":0,"menu_order":0,"comment_status":"closed","ping_status":"open","template":"","meta":[],"_links":{"self":[{"href":"http:\/\/biarcarautomocion.com\/wordpress\/wp-json\/wp\/v2\/pages\/2"}],"collection":[{"href":"http:\/\/biarcarautomocion.com\/wordpress\/wp-json\/wp\/v2\/pages"}],"about":[{"href":"http:\/\/biarcarautomocion.com\/wordpress\/wp-json\/wp\/v2\/types\/page"}],"author":[{"embeddable":true,"href":"http:\/\/biarcarautomocion.com\/wordpress\/wp-json\/wp\/v2\/users\/1"}],"replies":[{"embeddable":true,"href":"http:\/\/biarcarautomocion.com\/wordpress\/wp-json\/wp\/v2\/comments?post=2"}],"version-history":[{"count":12,"href":"http:\/\/biarcarautomocion.com\/wordpress\/wp-json\/wp\/v2\/pages\/2\/revisions"}],"predecessor-version":[{"id":883,"href":"http:\/\/biarcarautomocion.com\/wordpress\/wp-json\/wp\/v2\/pages\/2\/revisions\/883"}],"wp:featuredmedia":[{"embeddable":true,"href":"http:\/\/biarcarautomocion.com\/wordpress\/wp-json\/wp\/v2\/media\/45"}],"wp:attachment":[{"href":"http:\/\/biarcarautomocion.com\/wordpress\/wp-json\/wp\/v2\/media?parent=2"}],"curies":[{"name":"wp","href":"https:\/\/api.w.org\/{rel}","templated":true}]}}